{"id":2152,"date":"2021-10-18T16:03:07","date_gmt":"2021-10-18T15:03:07","guid":{"rendered":"http:\/\/togetherinhealthsector.com\/?page_id=2152"},"modified":"2021-10-19T10:24:38","modified_gmt":"2021-10-19T09:24:38","slug":"conferencia-final","status":"publish","type":"page","link":"http:\/\/togetherinhealthsector.com\/es\/conferencia-final","title":{"rendered":"Conferencia final"},"content":{"rendered":"<p><div class=\"fusion-fullwidth fullwidth-box fusion-builder-row-1 fusion-flex-container nonhundred-percent-fullwidth non-hundred-percent-height-scrolling\" style=\"background-color: rgba(255,255,255,0);background-position: center center;background-repeat: no-repeat;border-width: 0px 0px 0px 0px;border-color:#f7f7f7;border-style:solid;\" ><div class=\"fusion-builder-row fusion-row fusion-flex-align-items-flex-start\" style=\"max-width:1216.8px;margin-left: calc(-4% \/ 2 );margin-right: calc(-4% \/ 2 );\"><div class=\"fusion-layout-column fusion_builder_column fusion-builder-column-0 fusion_builder_column_1_1 1_1 fusion-flex-column\"><div class=\"fusion-column-wrapper fusion-flex-justify-content-flex-start fusion-content-layout-column\" style=\"background-position:left top;background-repeat:no-repeat;-webkit-background-size:cover;-moz-background-size:cover;-o-background-size:cover;background-size:cover;padding: 0px 0px 0px 0px;\"><div class=\"fusion-text fusion-text-1\"><ul>\n<li><strong>Nombre del evento:<\/strong> Conferencia Final<\/li>\n<li><strong>Fecha<\/strong>: 05-06.10.2021<\/li>\n<li><strong>Lugar<\/strong>: online<\/li>\n<\/ul>\n<p>El 5 de octubre tuvo lugar la Conferencia Final.<br \/>\nLuego de la bienvenida del L\u00edder del Proyecto, el saludo de los asistentes al evento y la presentaci\u00f3n de la agenda para los dos d\u00edas del encuentro, se iniciaron las actividades y presentaciones previstas.<\/p>\n<p>1. Presentaci\u00f3n del Resultado Final de la Investigaci\u00f3n del Proyecto.<\/p>\n<p>Estas conclusiones se establecieron<br \/>\n1) Falta de Satisfacci\u00f3n de los Trabajadores por su Participaci\u00f3n en la toma de decisiones.<br \/>\n2) Existe un alto nivel de desconocimiento sobre el derecho del trabajador a participar en la toma de decisiones en su lugar de trabajo y sobre los sistemas de esa participaci\u00f3n tanto a nivel europeo como nacional.<br \/>\n3) Los sistemas de Participaci\u00f3n, Informaci\u00f3n y Consulta son valorados de forma negativa por el 30% de los trabajadores.<br \/>\n4) Se puede mejorar el papel que juegan los sindicatos en relaci\u00f3n con su relaci\u00f3n con los trabajadores: m\u00e1s del 30% de los trabajadores cuestionar\u00edan los sistemas sindicales de comunicaci\u00f3n e informaci\u00f3n o su confianza en ellos.<br \/>\n5) Existe un alto porcentaje de trabajadores (41%) que no est\u00e1n satisfechos con su participaci\u00f3n en la formaci\u00f3n y prevenci\u00f3n de riesgos laborales.<br \/>\n6) Existe un alto porcentaje de trabajadores (31%) que no est\u00e1n motivados, nunca o casi nunca en su lugar de trabajo; en comparaci\u00f3n con el 19% que dice estar motivado con mucha frecuencia; y el 47% que dice estar motivado solo \u00aba veces\u00bb.<\/p>\n<p>2. Presentaci\u00f3n de la Publicaci\u00f3n Final del proyecto.<br \/>\n3. Presentaci\u00f3n: \u00abEl marco estrat\u00e9gico de la UE sobre seguridad y salud en el trabajo 2021-2027\u00bb y debate al respecto<\/p>\n<p>El segundo d\u00eda 6 de octubre se llev\u00f3 a cabo la evaluaci\u00f3n del Proyecto, comenzando con una presentaci\u00f3n y un debate sobre el desarrollo del Proyecto.<\/p>\n<p>El experto realiz\u00f3 una presentaci\u00f3n sobre un documento de solicitudes y buenas pr\u00e1cticas y la \u00faltima parte del evento estuvo dedicada a la propuesta para la continuidad del proyecto.<br \/>\nEl beneficiario se dirigi\u00f3 a los asistentes al evento, destacando la profesionalidad de todos por haber desarrollado este proyecto durante los momentos m\u00e1s cr\u00edticos de la pandemia, compartiendo el desarrollo del proyecto con su propia actividad profesional en sus campos de la salud.<br \/>\nDestacando la importancia del trabajo realizado y las conclusiones y acuerdos adoptados durante la ejecuci\u00f3n del proyecto para concluir agradeciendo a todos los actores involucrados en el desarrollo del proyecto.<\/p>\n<\/div><div class=\"fusion-image-carousel fusion-image-carousel-auto fusion-carousel-border\"><div class=\"fusion-carousel\" data-autoplay=\"yes\" data-columns=\"2\" data-itemmargin=\"13\" data-itemwidth=\"180\" data-touchscroll=\"no\" data-imagesize=\"auto\"><div class=\"fusion-carousel-positioner\"><ul class=\"fusion-carousel-holder\"><li class=\"fusion-carousel-item\"><div class=\"fusion-carousel-item-wrapper\"><div class=\"fusion-image-wrapper hover-type-zoomin\"><img width=\"2560\" height=\"1440\" src=\"http:\/\/togetherinhealthsector.com\/wp-content\/uploads\/2021\/10\/Screenshot-2021-10-05-103942-scaled.jpg\" class=\"attachment-full size-full\" alt=\"\" srcset=\"http:\/\/togetherinhealthsector.com\/wp-content\/uploads\/2021\/10\/Screenshot-2021-10-05-103942-200x113.jpg 200w, http:\/\/togetherinhealthsector.com\/wp-content\/uploads\/2021\/10\/Screenshot-2021-10-05-103942-400x225.jpg 400w, http:\/\/togetherinhealthsector.com\/wp-content\/uploads\/2021\/10\/Screenshot-2021-10-05-103942-600x338.jpg 600w, http:\/\/togetherinhealthsector.com\/wp-content\/uploads\/2021\/10\/Screenshot-2021-10-05-103942-800x450.jpg 800w, http:\/\/togetherinhealthsector.com\/wp-content\/uploads\/2021\/10\/Screenshot-2021-10-05-103942-1200x675.jpg 1200w, http:\/\/togetherinhealthsector.com\/wp-content\/uploads\/2021\/10\/Screenshot-2021-10-05-103942-scaled.jpg 2560w\" sizes=\"(min-width: 2200px) 100vw, (min-width: 832px) 579px, (min-width: 640px) 832px, \" \/><\/div><\/div><\/li><li class=\"fusion-carousel-item\"><div class=\"fusion-carousel-item-wrapper\"><div class=\"fusion-image-wrapper hover-type-zoomin\"><img width=\"2560\" height=\"1440\" src=\"http:\/\/togetherinhealthsector.com\/wp-content\/uploads\/2021\/10\/Screenshot-2021-10-06-114613-scaled.jpg\" class=\"attachment-full size-full\" alt=\"\" srcset=\"http:\/\/togetherinhealthsector.com\/wp-content\/uploads\/2021\/10\/Screenshot-2021-10-06-114613-200x113.jpg 200w, http:\/\/togetherinhealthsector.com\/wp-content\/uploads\/2021\/10\/Screenshot-2021-10-06-114613-400x225.jpg 400w, http:\/\/togetherinhealthsector.com\/wp-content\/uploads\/2021\/10\/Screenshot-2021-10-06-114613-600x338.jpg 600w, http:\/\/togetherinhealthsector.com\/wp-content\/uploads\/2021\/10\/Screenshot-2021-10-06-114613-800x450.jpg 800w, http:\/\/togetherinhealthsector.com\/wp-content\/uploads\/2021\/10\/Screenshot-2021-10-06-114613-1200x675.jpg 1200w, http:\/\/togetherinhealthsector.com\/wp-content\/uploads\/2021\/10\/Screenshot-2021-10-06-114613-scaled.jpg 2560w\" sizes=\"(min-width: 2200px) 100vw, (min-width: 832px) 579px, (min-width: 640px) 832px, \" \/><\/div><\/div><\/li><li class=\"fusion-carousel-item\"><div class=\"fusion-carousel-item-wrapper\"><div class=\"fusion-image-wrapper hover-type-zoomin\"><img width=\"2560\" height=\"1440\" src=\"http:\/\/togetherinhealthsector.com\/wp-content\/uploads\/2021\/10\/Screenshot-2021-10-06-122817-scaled.jpg\" class=\"attachment-full size-full\" alt=\"\" srcset=\"http:\/\/togetherinhealthsector.com\/wp-content\/uploads\/2021\/10\/Screenshot-2021-10-06-122817-200x113.jpg 200w, http:\/\/togetherinhealthsector.com\/wp-content\/uploads\/2021\/10\/Screenshot-2021-10-06-122817-400x225.jpg 400w, http:\/\/togetherinhealthsector.com\/wp-content\/uploads\/2021\/10\/Screenshot-2021-10-06-122817-600x338.jpg 600w, http:\/\/togetherinhealthsector.com\/wp-content\/uploads\/2021\/10\/Screenshot-2021-10-06-122817-800x450.jpg 800w, http:\/\/togetherinhealthsector.com\/wp-content\/uploads\/2021\/10\/Screenshot-2021-10-06-122817-1200x675.jpg 1200w, http:\/\/togetherinhealthsector.com\/wp-content\/uploads\/2021\/10\/Screenshot-2021-10-06-122817-scaled.jpg 2560w\" sizes=\"(min-width: 2200px) 100vw, (min-width: 832px) 579px, (min-width: 640px) 832px, \" \/><\/div><\/div><\/li><\/ul><div class=\"fusion-carousel-nav\"><span class=\"fusion-nav-prev\"><\/span><span class=\"fusion-nav-next\"><\/span><\/div><\/div><\/div><\/div><\/div><style type=\"text\/css\">.fusion-body .fusion-builder-column-0{width:100% !important;margin-top : 15px;margin-bottom : 15px;}.fusion-builder-column-0 > .fusion-column-wrapper {padding-top : 0px !important;padding-right : 0px !important;margin-right : 1.92%;padding-bottom : 0px !important;padding-left : 0px !important;margin-left : 1.92%;}@media only screen and (max-width:1024px) {.fusion-body .fusion-builder-column-0{width:100% !important;order : 0;}.fusion-builder-column-0 > .fusion-column-wrapper {margin-right : 1.92%;margin-left : 1.92%;}}@media only screen and (max-width:640px) {.fusion-body .fusion-builder-column-0{width:100% !important;order : 0;}.fusion-builder-column-0 > .fusion-column-wrapper {margin-right : 1.92%;margin-left : 1.92%;}}<\/style><\/div><\/div><style type=\"text\/css\">.fusion-body .fusion-flex-container.fusion-builder-row-1{ padding-top : 0px;margin-top : 0px;padding-right : 0px;padding-bottom : 0px;margin-bottom : 0px;padding-left : 0px;}<\/style><\/div><div class=\"fusion-fullwidth fullwidth-box fusion-builder-row-2 hundred-percent-fullwidth non-hundred-percent-height-scrolling fusion-equal-height-columns\" style=\"background-color: #3a4149;background-image:linear-gradient(135deg, #00d6bf 0%,#005db4 100%);background-position: right center;background-repeat: no-repeat;padding-top:25px;padding-right:0px;padding-bottom:25px;padding-left:0px;margin-bottom: 0px;margin-top: 0px;border-width: 0px 0px 0px 0px;border-color:#f7f7f7;border-style:solid;\" ><div class=\"fusion-builder-row fusion-row\"><div class=\"fusion-layout-column fusion_builder_column fusion-builder-column-1 fusion_builder_column_1_5 1_5 fusion-one-fifth fusion-column-first\" style=\"width:20%;width:calc(20% - ( ( 4% + 4% ) * 0.2 ) );margin-right: 4%;margin-top:15px;margin-bottom:15px;\"><div class=\"fusion-column-wrapper fusion-flex-column-wrapper-legacy\" style=\"background-position:left top;background-repeat:no-repeat;-webkit-background-size:cover;-moz-background-size:cover;-o-background-size:cover;background-size:cover;padding: 0px 0px 0px 0px;\"><div class=\"fusion-clearfix\"><\/div><\/div><\/div><div class=\"fusion-layout-column fusion_builder_column fusion-builder-column-2 fusion_builder_column_3_5 3_5 fusion-three-fifth\" style=\"width:60%;width:calc(60% - ( ( 4% + 4% ) * 0.6 ) );margin-right: 4%;margin-top:15px;margin-bottom:15px;\"><div class=\"fusion-column-wrapper fusion-flex-column-wrapper-legacy\" style=\"background-position:left top;background-repeat:no-repeat;-webkit-background-size:cover;-moz-background-size:cover;-o-background-size:cover;background-size:cover;padding: 0px 0px 0px 0px;\"><div class=\"fusion-text fusion-text-2\"><p style=\"text-align: center;\"><span style=\"color: #ffffff;\"><strong>DISCLAIMER<\/strong><\/span><\/p>\n<p style=\"text-align: center;\"><span style=\"color: #ffffff;\">The information contained in this website is for general information purposes only. The information is provided by Coalici\u00f3n Sindical Independiente de Trabajadores de Madrid and while we endeavour to keep the information up to date and correct, we make no representations or warranties of any kind, express or implied, about the completeness, accuracy, reliability, suitability or availability with respect to the website or the information, products, services, or related graphics contained on the website for any purpose. Any reliance you place on such information is therefore strictly at your own risk.<\/span><\/p>\n<p style=\"text-align: center;\"><span style=\"color: #ffffff;\">Sole responsibility lies with the author. The European Commission is not responsible for any use that may be made of the information contained herein.<\/span><\/p>\n<\/div><div class=\"fusion-sep-clear\"><\/div><div class=\"fusion-separator fusion-full-width-sep\" style=\"margin-left: auto;margin-right: auto;width:100%;\"><\/div><div class=\"fusion-sep-clear\"><\/div><div class=\"imageframe-align-center\"><span class=\" fusion-imageframe imageframe-none imageframe-1 hover-type-none\" style=\"max-width:150px;\"><img width=\"640\" height=\"427\" title=\"640px-Flag_of_Europe.svg\" src=\"http:\/\/togetherinhealthsector.com\/wp-content\/uploads\/2020\/03\/640px-Flag_of_Europe.svg.png\" class=\"img-responsive wp-image-1343\" srcset=\"http:\/\/togetherinhealthsector.com\/wp-content\/uploads\/2020\/03\/640px-Flag_of_Europe.svg-200x133.png 200w, http:\/\/togetherinhealthsector.com\/wp-content\/uploads\/2020\/03\/640px-Flag_of_Europe.svg-400x267.png 400w, http:\/\/togetherinhealthsector.com\/wp-content\/uploads\/2020\/03\/640px-Flag_of_Europe.svg-600x400.png 600w, http:\/\/togetherinhealthsector.com\/wp-content\/uploads\/2020\/03\/640px-Flag_of_Europe.svg.png 640w\" sizes=\"(max-width: 1000px) 100vw, 640px\" \/><\/span><\/div><div class=\"fusion-text fusion-text-3\"><p style=\"text-align: center;\"><span style=\"color: #ffffff;\">With support from the European Union<\/span><\/p>\n<\/div><div class=\"fusion-clearfix\"><\/div><\/div><\/div><div class=\"fusion-layout-column fusion_builder_column fusion-builder-column-3 fusion_builder_column_1_5 1_5 fusion-one-fifth fusion-column-last\" style=\"width:20%;width:calc(20% - ( ( 4% + 4% ) * 0.2 ) );margin-top:15px;margin-bottom:15px;\"><div class=\"fusion-column-wrapper fusion-flex-column-wrapper-legacy\" style=\"background-position:left top;background-repeat:no-repeat;-webkit-background-size:cover;-moz-background-size:cover;-o-background-size:cover;background-size:cover;padding: 0px 0px 0px 0px;\"><div class=\"fusion-clearfix\"><\/div><\/div><\/div><\/div><\/div><\/p>\n","protected":false},"excerpt":{"rendered":"","protected":false},"author":3,"featured_media":0,"parent":0,"menu_order":0,"comment_status":"closed","ping_status":"closed","template":"100-width.php","meta":[],"_links":{"self":[{"href":"http:\/\/togetherinhealthsector.com\/es\/wp-json\/wp\/v2\/pages\/2152"}],"collection":[{"href":"http:\/\/togetherinhealthsector.com\/es\/wp-json\/wp\/v2\/pages"}],"about":[{"href":"http:\/\/togetherinhealthsector.com\/es\/wp-json\/wp\/v2\/types\/page"}],"author":[{"embeddable":true,"href":"http:\/\/togetherinhealthsector.com\/es\/wp-json\/wp\/v2\/users\/3"}],"replies":[{"embeddable":true,"href":"http:\/\/togetherinhealthsector.com\/es\/wp-json\/wp\/v2\/comments?post=2152"}],"version-history":[{"count":6,"href":"http:\/\/togetherinhealthsector.com\/es\/wp-json\/wp\/v2\/pages\/2152\/revisions"}],"predecessor-version":[{"id":2200,"href":"http:\/\/togetherinhealthsector.com\/es\/wp-json\/wp\/v2\/pages\/2152\/revisions\/2200"}],"wp:attachment":[{"href":"http:\/\/togetherinhealthsector.com\/es\/wp-json\/wp\/v2\/media?parent=2152"}],"curies":[{"name":"wp","href":"https:\/\/api.w.org\/{rel}","templated":true}]}}