{"id":1861,"date":"2021-09-20T13:24:12","date_gmt":"2021-09-20T12:24:12","guid":{"rendered":"http:\/\/togetherinhealthsector.com\/?page_id=1861"},"modified":"2021-10-18T19:01:54","modified_gmt":"2021-10-18T18:01:54","slug":"iii-working-meeting-for-experts-2","status":"publish","type":"page","link":"http:\/\/togetherinhealthsector.com\/es\/iii-working-meeting-for-experts-2","title":{"rendered":"INTERNATIONAL TRAINING"},"content":{"rendered":"<p><div class=\"fusion-fullwidth fullwidth-box fusion-builder-row-1 nonhundred-percent-fullwidth non-hundred-percent-height-scrolling\" style=\"background-color: rgba(255,255,255,0);background-position: center center;background-repeat: no-repeat;padding-top:0px;padding-right:0px;padding-bottom:0px;padding-left:0px;margin-bottom: 0px;margin-top: 0px;border-width: 0px 0px 0px 0px;border-color:#f7f7f7;border-style:solid;\" ><div class=\"fusion-builder-row fusion-row\"><div class=\"fusion-layout-column fusion_builder_column fusion-builder-column-0 fusion_builder_column_1_1 1_1 fusion-one-full fusion-column-first fusion-column-last\" style=\"margin-top:0px;margin-bottom:0px;\"><div class=\"fusion-column-wrapper fusion-flex-column-wrapper-legacy\" style=\"background-position:left top;background-repeat:no-repeat;-webkit-background-size:cover;-moz-background-size:cover;-o-background-size:cover;background-size:cover;padding: 0px 0px 0px 0px;\"><div class=\"fusion-text fusion-text-1\"><div>\n<ul>\n<li><strong>Nombre del evento:<\/strong> Formaci\u00f3n internacional<\/li>\n<li><strong>Fecha<\/strong>: 15-16.06.2021<\/li>\n<li><strong>Lugar<\/strong>: online<\/li>\n<\/ul>\n<\/div>\n<div>\n<div>La formaci\u00f3n internacional se realiz\u00f3 en l\u00ednea en dos dias 15-16 junio 2021. Una vez presentado a los participantes y discutir el plan de talleres sobre la situaci\u00f3n de los trabajadores de la salud durante la pandemia del covid-19, se prest\u00f3 atenci\u00f3n al impacto de la amenaza, la sobrecarga f\u00edsica y afectivo-emocional y el cambio en las condiciones laborales.<\/div>\n<div><\/div>\n<div>El primer d\u00eda se record\u00f3 el papel de la salud y seguridad en el trabajo, la importancia de la negociaci\u00f3n colectiva y que la participaci\u00f3n en la toma de decisiones reduce la insatisfacci\u00f3n de los empleados.<\/div>\n<div><\/div>\n<div>Se acord\u00f3 que se deber\u00eda preparar un documento borrador, que ser\u00e1 enviado a los socios del proyecto para su consideraci\u00f3n y an\u00e1lisis en la Conferencia Final del Proyecto, que probablemente tendr\u00e1 lugar en octubre.<\/div>\n<div><\/div>\n<div>El segundo d\u00eda, la presentaci\u00f3n se centr\u00f3 en los efectos de la pandemia. El anuncio fue un desaf\u00edo, provoc\u00f3 la crisis econ\u00f3mica y social y contribuy\u00f3 al dilema de los gobiernos sobre si la salud de los ciudadanos o la econom\u00eda es una prioridad.<\/div>\n<\/div>\n<div><\/div>\n<div><\/div>\n<div><\/div>\n<div><\/div>\n<div><\/div>\n<div><\/div>\n<\/div><div class=\"fusion-text fusion-text-2\"><p style=\"text-align: center;\"><img class=\"alignnone wp-image-1841\" src=\"http:\/\/togetherinhealthsector.com\/wp-content\/uploads\/2021\/09\/15.06.2021-20MF-T-S2-1-300x225.jpg\" alt=\"\" width=\"340\" height=\"255\" srcset=\"http:\/\/togetherinhealthsector.com\/wp-content\/uploads\/2021\/09\/15.06.2021-20MF-T-S2-1-200x150.jpg 200w, http:\/\/togetherinhealthsector.com\/wp-content\/uploads\/2021\/09\/15.06.2021-20MF-T-S2-1-300x225.jpg 300w, http:\/\/togetherinhealthsector.com\/wp-content\/uploads\/2021\/09\/15.06.2021-20MF-T-S2-1-400x300.jpg 400w, http:\/\/togetherinhealthsector.com\/wp-content\/uploads\/2021\/09\/15.06.2021-20MF-T-S2-1-600x450.jpg 600w, http:\/\/togetherinhealthsector.com\/wp-content\/uploads\/2021\/09\/15.06.2021-20MF-T-S2-1-768x575.jpg 768w, http:\/\/togetherinhealthsector.com\/wp-content\/uploads\/2021\/09\/15.06.2021-20MF-T-S2-1-800x599.jpg 800w, http:\/\/togetherinhealthsector.com\/wp-content\/uploads\/2021\/09\/15.06.2021-20MF-T-S2-1-1024x767.jpg 1024w, http:\/\/togetherinhealthsector.com\/wp-content\/uploads\/2021\/09\/15.06.2021-20MF-T-S2-1-1200x899.jpg 1200w, http:\/\/togetherinhealthsector.com\/wp-content\/uploads\/2021\/09\/15.06.2021-20MF-T-S2-1-1536x1151.jpg 1536w\" sizes=\"(max-width: 340px) 100vw, 340px\" \/>\u00a0 <img class=\"alignnone wp-image-1839\" src=\"http:\/\/togetherinhealthsector.com\/wp-content\/uploads\/2021\/09\/15.06.2021-20MF-T-S4-1-300x225.jpg\" alt=\"\" width=\"339\" height=\"254\" srcset=\"http:\/\/togetherinhealthsector.com\/wp-content\/uploads\/2021\/09\/15.06.2021-20MF-T-S4-1-200x150.jpg 200w, http:\/\/togetherinhealthsector.com\/wp-content\/uploads\/2021\/09\/15.06.2021-20MF-T-S4-1-300x225.jpg 300w, http:\/\/togetherinhealthsector.com\/wp-content\/uploads\/2021\/09\/15.06.2021-20MF-T-S4-1-400x300.jpg 400w, http:\/\/togetherinhealthsector.com\/wp-content\/uploads\/2021\/09\/15.06.2021-20MF-T-S4-1-600x450.jpg 600w, http:\/\/togetherinhealthsector.com\/wp-content\/uploads\/2021\/09\/15.06.2021-20MF-T-S4-1-768x575.jpg 768w, http:\/\/togetherinhealthsector.com\/wp-content\/uploads\/2021\/09\/15.06.2021-20MF-T-S4-1-800x599.jpg 800w, http:\/\/togetherinhealthsector.com\/wp-content\/uploads\/2021\/09\/15.06.2021-20MF-T-S4-1-1024x767.jpg 1024w, http:\/\/togetherinhealthsector.com\/wp-content\/uploads\/2021\/09\/15.06.2021-20MF-T-S4-1-1200x899.jpg 1200w, http:\/\/togetherinhealthsector.com\/wp-content\/uploads\/2021\/09\/15.06.2021-20MF-T-S4-1-1536x1151.jpg 1536w\" sizes=\"(max-width: 339px) 100vw, 339px\" \/>\u00a0 <img class=\"alignnone wp-image-1837\" src=\"http:\/\/togetherinhealthsector.com\/wp-content\/uploads\/2021\/09\/15.06.2021-20MF-T-S6-1-300x225.jpg\" alt=\"\" width=\"335\" height=\"251\" srcset=\"http:\/\/togetherinhealthsector.com\/wp-content\/uploads\/2021\/09\/15.06.2021-20MF-T-S6-1-200x150.jpg 200w, http:\/\/togetherinhealthsector.com\/wp-content\/uploads\/2021\/09\/15.06.2021-20MF-T-S6-1-300x225.jpg 300w, http:\/\/togetherinhealthsector.com\/wp-content\/uploads\/2021\/09\/15.06.2021-20MF-T-S6-1-400x300.jpg 400w, http:\/\/togetherinhealthsector.com\/wp-content\/uploads\/2021\/09\/15.06.2021-20MF-T-S6-1-600x450.jpg 600w, http:\/\/togetherinhealthsector.com\/wp-content\/uploads\/2021\/09\/15.06.2021-20MF-T-S6-1-768x575.jpg 768w, http:\/\/togetherinhealthsector.com\/wp-content\/uploads\/2021\/09\/15.06.2021-20MF-T-S6-1-800x599.jpg 800w, http:\/\/togetherinhealthsector.com\/wp-content\/uploads\/2021\/09\/15.06.2021-20MF-T-S6-1-1024x767.jpg 1024w, http:\/\/togetherinhealthsector.com\/wp-content\/uploads\/2021\/09\/15.06.2021-20MF-T-S6-1-1200x899.jpg 1200w, http:\/\/togetherinhealthsector.com\/wp-content\/uploads\/2021\/09\/15.06.2021-20MF-T-S6-1-1536x1151.jpg 1536w\" sizes=\"(max-width: 335px) 100vw, 335px\" \/>\u00a0 <img class=\"alignnone wp-image-1835\" src=\"http:\/\/togetherinhealthsector.com\/wp-content\/uploads\/2021\/09\/16.06.2021-20MF-T-S1-1-300x225.jpg\" alt=\"\" width=\"333\" height=\"250\" srcset=\"http:\/\/togetherinhealthsector.com\/wp-content\/uploads\/2021\/09\/16.06.2021-20MF-T-S1-1-200x150.jpg 200w, http:\/\/togetherinhealthsector.com\/wp-content\/uploads\/2021\/09\/16.06.2021-20MF-T-S1-1-300x225.jpg 300w, http:\/\/togetherinhealthsector.com\/wp-content\/uploads\/2021\/09\/16.06.2021-20MF-T-S1-1-400x300.jpg 400w, http:\/\/togetherinhealthsector.com\/wp-content\/uploads\/2021\/09\/16.06.2021-20MF-T-S1-1-600x450.jpg 600w, http:\/\/togetherinhealthsector.com\/wp-content\/uploads\/2021\/09\/16.06.2021-20MF-T-S1-1-768x575.jpg 768w, http:\/\/togetherinhealthsector.com\/wp-content\/uploads\/2021\/09\/16.06.2021-20MF-T-S1-1-800x599.jpg 800w, http:\/\/togetherinhealthsector.com\/wp-content\/uploads\/2021\/09\/16.06.2021-20MF-T-S1-1-1024x767.jpg 1024w, http:\/\/togetherinhealthsector.com\/wp-content\/uploads\/2021\/09\/16.06.2021-20MF-T-S1-1-1200x899.jpg 1200w, http:\/\/togetherinhealthsector.com\/wp-content\/uploads\/2021\/09\/16.06.2021-20MF-T-S1-1-1536x1151.jpg 1536w\" sizes=\"(max-width: 333px) 100vw, 333px\" \/>\u00a0 <img class=\"alignnone wp-image-1833\" src=\"http:\/\/togetherinhealthsector.com\/wp-content\/uploads\/2021\/09\/16.06.2021-20MF-T-S4-1-300x225.jpg\" alt=\"\" width=\"317\" height=\"238\" srcset=\"http:\/\/togetherinhealthsector.com\/wp-content\/uploads\/2021\/09\/16.06.2021-20MF-T-S4-1-200x150.jpg 200w, http:\/\/togetherinhealthsector.com\/wp-content\/uploads\/2021\/09\/16.06.2021-20MF-T-S4-1-300x225.jpg 300w, http:\/\/togetherinhealthsector.com\/wp-content\/uploads\/2021\/09\/16.06.2021-20MF-T-S4-1-400x300.jpg 400w, http:\/\/togetherinhealthsector.com\/wp-content\/uploads\/2021\/09\/16.06.2021-20MF-T-S4-1-600x450.jpg 600w, http:\/\/togetherinhealthsector.com\/wp-content\/uploads\/2021\/09\/16.06.2021-20MF-T-S4-1-768x575.jpg 768w, http:\/\/togetherinhealthsector.com\/wp-content\/uploads\/2021\/09\/16.06.2021-20MF-T-S4-1-800x599.jpg 800w, http:\/\/togetherinhealthsector.com\/wp-content\/uploads\/2021\/09\/16.06.2021-20MF-T-S4-1-1024x767.jpg 1024w, http:\/\/togetherinhealthsector.com\/wp-content\/uploads\/2021\/09\/16.06.2021-20MF-T-S4-1-1200x899.jpg 1200w, http:\/\/togetherinhealthsector.com\/wp-content\/uploads\/2021\/09\/16.06.2021-20MF-T-S4-1-1536x1151.jpg 1536w\" sizes=\"(max-width: 317px) 100vw, 317px\" \/><\/p>\n<\/div><div class=\"fusion-clearfix\"><\/div><\/div><\/div><\/div><\/div><div class=\"fusion-fullwidth fullwidth-box fusion-builder-row-2 hundred-percent-fullwidth non-hundred-percent-height-scrolling fusion-equal-height-columns\" style=\"background-color: #3a4149;background-image:linear-gradient(135deg, #00d6bf 0%,#005db4 100%);background-position: right center;background-repeat: no-repeat;padding-top:25px;padding-right:0px;padding-bottom:25px;padding-left:0px;margin-bottom: 0px;margin-top: 0px;border-width: 0px 0px 0px 0px;border-color:#f7f7f7;border-style:solid;\" ><div class=\"fusion-builder-row fusion-row\"><div class=\"fusion-layout-column fusion_builder_column fusion-builder-column-1 fusion_builder_column_1_5 1_5 fusion-one-fifth fusion-column-first\" style=\"width:20%;width:calc(20% - ( ( 4% + 4% ) * 0.2 ) );margin-right: 4%;margin-top:15px;margin-bottom:15px;\"><div class=\"fusion-column-wrapper fusion-flex-column-wrapper-legacy\" style=\"background-position:left top;background-repeat:no-repeat;-webkit-background-size:cover;-moz-background-size:cover;-o-background-size:cover;background-size:cover;padding: 0px 0px 0px 0px;\"><div class=\"fusion-clearfix\"><\/div><\/div><\/div><div class=\"fusion-layout-column fusion_builder_column fusion-builder-column-2 fusion_builder_column_3_5 3_5 fusion-three-fifth\" style=\"width:60%;width:calc(60% - ( ( 4% + 4% ) * 0.6 ) );margin-right: 4%;margin-top:15px;margin-bottom:15px;\"><div class=\"fusion-column-wrapper fusion-flex-column-wrapper-legacy\" style=\"background-position:left top;background-repeat:no-repeat;-webkit-background-size:cover;-moz-background-size:cover;-o-background-size:cover;background-size:cover;padding: 0px 0px 0px 0px;\"><div class=\"fusion-text fusion-text-3\"><p style=\"text-align: center;\"><span style=\"color: #ffffff;\"><strong>DISCLAIMER<\/strong><\/span><\/p>\n<p style=\"text-align: center;\"><span style=\"color: #ffffff;\">The information contained in this website is for general information purposes only. The information is provided by Coalici\u00f3n Sindical Independiente de Trabajadores de Madrid and while we endeavour to keep the information up to date and correct, we make no representations or warranties of any kind, express or implied, about the completeness, accuracy, reliability, suitability or availability with respect to the website or the information, products, services, or related graphics contained on the website for any purpose. Any reliance you place on such information is therefore strictly at your own risk.<\/span><\/p>\n<p style=\"text-align: center;\"><span style=\"color: #ffffff;\">Sole responsibility lies with the author. The European Commission is not responsible for any use that may be made of the information contained herein.<\/span><\/p>\n<\/div><div class=\"fusion-sep-clear\"><\/div><div class=\"fusion-separator fusion-full-width-sep\" style=\"margin-left: auto;margin-right: auto;width:100%;\"><\/div><div class=\"fusion-sep-clear\"><\/div><div class=\"imageframe-align-center\"><span class=\" fusion-imageframe imageframe-none imageframe-1 hover-type-none\" style=\"max-width:150px;\"><img width=\"640\" height=\"427\" title=\"640px-Flag_of_Europe.svg\" src=\"http:\/\/togetherinhealthsector.com\/wp-content\/uploads\/2020\/03\/640px-Flag_of_Europe.svg.png\" class=\"img-responsive wp-image-1343\" srcset=\"http:\/\/togetherinhealthsector.com\/wp-content\/uploads\/2020\/03\/640px-Flag_of_Europe.svg-200x133.png 200w, http:\/\/togetherinhealthsector.com\/wp-content\/uploads\/2020\/03\/640px-Flag_of_Europe.svg-400x267.png 400w, http:\/\/togetherinhealthsector.com\/wp-content\/uploads\/2020\/03\/640px-Flag_of_Europe.svg-600x400.png 600w, http:\/\/togetherinhealthsector.com\/wp-content\/uploads\/2020\/03\/640px-Flag_of_Europe.svg.png 640w\" sizes=\"(max-width: 1000px) 100vw, 640px\" \/><\/span><\/div><div class=\"fusion-text fusion-text-4\"><p style=\"text-align: center;\"><span style=\"color: #ffffff;\">With support from the European Union<\/span><\/p>\n<\/div><div class=\"fusion-clearfix\"><\/div><\/div><\/div><div class=\"fusion-layout-column fusion_builder_column fusion-builder-column-3 fusion_builder_column_1_5 1_5 fusion-one-fifth fusion-column-last\" style=\"width:20%;width:calc(20% - ( ( 4% + 4% ) * 0.2 ) );margin-top:15px;margin-bottom:15px;\"><div class=\"fusion-column-wrapper fusion-flex-column-wrapper-legacy\" style=\"background-position:left top;background-repeat:no-repeat;-webkit-background-size:cover;-moz-background-size:cover;-o-background-size:cover;background-size:cover;padding: 0px 0px 0px 0px;\"><div class=\"fusion-clearfix\"><\/div><\/div><\/div><\/div><\/div><\/p>\n","protected":false},"excerpt":{"rendered":"","protected":false},"author":3,"featured_media":0,"parent":0,"menu_order":0,"comment_status":"closed","ping_status":"closed","template":"100-width.php","meta":[],"_links":{"self":[{"href":"http:\/\/togetherinhealthsector.com\/es\/wp-json\/wp\/v2\/pages\/1861"}],"collection":[{"href":"http:\/\/togetherinhealthsector.com\/es\/wp-json\/wp\/v2\/pages"}],"about":[{"href":"http:\/\/togetherinhealthsector.com\/es\/wp-json\/wp\/v2\/types\/page"}],"author":[{"embeddable":true,"href":"http:\/\/togetherinhealthsector.com\/es\/wp-json\/wp\/v2\/users\/3"}],"replies":[{"embeddable":true,"href":"http:\/\/togetherinhealthsector.com\/es\/wp-json\/wp\/v2\/comments?post=1861"}],"version-history":[{"count":11,"href":"http:\/\/togetherinhealthsector.com\/es\/wp-json\/wp\/v2\/pages\/1861\/revisions"}],"predecessor-version":[{"id":2189,"href":"http:\/\/togetherinhealthsector.com\/es\/wp-json\/wp\/v2\/pages\/1861\/revisions\/2189"}],"wp:attachment":[{"href":"http:\/\/togetherinhealthsector.com\/es\/wp-json\/wp\/v2\/media?parent=1861"}],"curies":[{"name":"wp","href":"https:\/\/api.w.org\/{rel}","templated":true}]}}