{"id":1635,"date":"2021-01-28T16:54:19","date_gmt":"2021-01-28T15:54:19","guid":{"rendered":"http:\/\/togetherinhealthsector.com\/?page_id=1635"},"modified":"2021-10-18T18:50:20","modified_gmt":"2021-10-18T17:50:20","slug":"working-meeting-for-experts","status":"publish","type":"page","link":"http:\/\/togetherinhealthsector.com\/es\/working-meeting-for-experts","title":{"rendered":"WORKING MEETING FOR EXPERTS"},"content":{"rendered":"<p><div class=\"fusion-fullwidth fullwidth-box fusion-builder-row-1 fusion-flex-container nonhundred-percent-fullwidth non-hundred-percent-height-scrolling\" style=\"background-color: rgba(255,255,255,0);background-position: center center;background-repeat: no-repeat;border-width: 0px 0px 0px 0px;border-color:#f7f7f7;border-style:solid;\" ><div class=\"fusion-builder-row fusion-row fusion-flex-align-items-flex-start\" style=\"max-width:1216.8px;margin-left: calc(-4% \/ 2 );margin-right: calc(-4% \/ 2 );\"><div class=\"fusion-layout-column fusion_builder_column fusion-builder-column-0 fusion_builder_column_1_1 1_1 fusion-flex-column\"><div class=\"fusion-column-wrapper fusion-flex-justify-content-flex-start fusion-content-layout-column\" style=\"background-position:left top;background-repeat:no-repeat;-webkit-background-size:cover;-moz-background-size:cover;-o-background-size:cover;background-size:cover;padding: 0px 0px 0px 0px;\"><div class=\"fusion-text fusion-text-1\"><ul>\n<li><strong>Nombre del evento<\/strong>: I Working meeting for experts<\/li>\n<li><strong>Fecha<\/strong>: 16.12.2020<\/li>\n<li><strong>Lugar<\/strong>: online<\/li>\n<\/ul>\n<p>La primera reuni\u00f3n de expertos se realiz\u00f3 100% online, con la asistencia de expertos nacionales de cada pa\u00eds m\u00e1s un participante de cada organizaci\u00f3n.<\/p>\n<p>Durante la primera parte del evento se realiz\u00f3 la presentaci\u00f3n de las conclusiones del Informe Nacional de cada pa\u00eds por parte de cada experto nacional<\/p>\n<p>Posteriormente, se presentaron las principales conclusiones del An\u00e1lisis Comparativo y la \u00faltima parte del evento se dedic\u00f3 a un debate sobre propuestas de Buenas Pr\u00e1cticas para la Mejora de la participaci\u00f3n de los trabajadores del Sector Salud.<\/p>\n<p><img class=\"alignnone size-full wp-image-1631\" src=\"http:\/\/togetherinhealthsector.com\/wp-content\/uploads\/2021\/01\/Captura-1-1.png\" alt=\"\" width=\"1338\" height=\"635\" srcset=\"http:\/\/togetherinhealthsector.com\/wp-content\/uploads\/2021\/01\/Captura-1-1-200x95.png 200w, http:\/\/togetherinhealthsector.com\/wp-content\/uploads\/2021\/01\/Captura-1-1-300x142.png 300w, http:\/\/togetherinhealthsector.com\/wp-content\/uploads\/2021\/01\/Captura-1-1-400x190.png 400w, http:\/\/togetherinhealthsector.com\/wp-content\/uploads\/2021\/01\/Captura-1-1-600x285.png 600w, http:\/\/togetherinhealthsector.com\/wp-content\/uploads\/2021\/01\/Captura-1-1-768x364.png 768w, http:\/\/togetherinhealthsector.com\/wp-content\/uploads\/2021\/01\/Captura-1-1-800x380.png 800w, http:\/\/togetherinhealthsector.com\/wp-content\/uploads\/2021\/01\/Captura-1-1-1024x486.png 1024w, http:\/\/togetherinhealthsector.com\/wp-content\/uploads\/2021\/01\/Captura-1-1-1200x570.png 1200w, http:\/\/togetherinhealthsector.com\/wp-content\/uploads\/2021\/01\/Captura-1-1.png 1338w\" sizes=\"(max-width: 1338px) 100vw, 1338px\" \/><\/p>\n<\/div><\/div><style type=\"text\/css\">.fusion-body .fusion-builder-column-0{width:100% !important;margin-top : 0px;margin-bottom : 0px;}.fusion-builder-column-0 > .fusion-column-wrapper {padding-top : 0px !important;padding-right : 0px !important;margin-right : 1.92%;padding-bottom : 0px !important;padding-left : 0px !important;margin-left : 1.92%;}@media only screen and (max-width:1024px) {.fusion-body .fusion-builder-column-0{width:100% !important;}.fusion-builder-column-0 > .fusion-column-wrapper {margin-right : 1.92%;margin-left : 1.92%;}}@media only screen and (max-width:640px) {.fusion-body .fusion-builder-column-0{width:100% !important;}.fusion-builder-column-0 > .fusion-column-wrapper {margin-right : 1.92%;margin-left : 1.92%;}}<\/style><\/div><\/div><style type=\"text\/css\">.fusion-body .fusion-flex-container.fusion-builder-row-1{ padding-top : 0px;margin-top : 0px;padding-right : 0px;padding-bottom : 0px;margin-bottom : 0px;padding-left : 0px;}<\/style><\/div><div class=\"fusion-fullwidth fullwidth-box fusion-builder-row-2 hundred-percent-fullwidth non-hundred-percent-height-scrolling fusion-equal-height-columns\" style=\"background-color: #3a4149;background-image:linear-gradient(135deg, #00d6bf 0%,#005db4 100%);background-position: right center;background-repeat: no-repeat;padding-top:25px;padding-right:0px;padding-bottom:25px;padding-left:0px;margin-bottom: 0px;margin-top: 0px;border-width: 0px 0px 0px 0px;border-color:#f7f7f7;border-style:solid;\" ><div class=\"fusion-builder-row fusion-row\"><div class=\"fusion-layout-column fusion_builder_column fusion-builder-column-1 fusion_builder_column_1_5 1_5 fusion-one-fifth fusion-column-first\" style=\"width:20%;width:calc(20% - ( ( 4% + 4% ) * 0.2 ) );margin-right: 4%;margin-top:15px;margin-bottom:15px;\"><div class=\"fusion-column-wrapper fusion-flex-column-wrapper-legacy\" style=\"background-position:left top;background-repeat:no-repeat;-webkit-background-size:cover;-moz-background-size:cover;-o-background-size:cover;background-size:cover;padding: 0px 0px 0px 0px;\"><div class=\"fusion-clearfix\"><\/div><\/div><\/div><div class=\"fusion-layout-column fusion_builder_column fusion-builder-column-2 fusion_builder_column_3_5 3_5 fusion-three-fifth\" style=\"width:60%;width:calc(60% - ( ( 4% + 4% ) * 0.6 ) );margin-right: 4%;margin-top:15px;margin-bottom:15px;\"><div class=\"fusion-column-wrapper fusion-flex-column-wrapper-legacy\" style=\"background-position:left top;background-repeat:no-repeat;-webkit-background-size:cover;-moz-background-size:cover;-o-background-size:cover;background-size:cover;padding: 0px 0px 0px 0px;\"><div class=\"fusion-text fusion-text-2\"><p style=\"text-align: center;\"><span style=\"color: #ffffff;\"><strong>DISCLAIMER<\/strong><\/span><\/p>\n<p style=\"text-align: center;\"><span style=\"color: #ffffff;\">The information contained in this website is for general information purposes only. The information is provided by Coalici\u00f3n Sindical Independiente de Trabajadores de Madrid and while we endeavour to keep the information up to date and correct, we make no representations or warranties of any kind, express or implied, about the completeness, accuracy, reliability, suitability or availability with respect to the website or the information, products, services, or related graphics contained on the website for any purpose. Any reliance you place on such information is therefore strictly at your own risk.<\/span><\/p>\n<p style=\"text-align: center;\"><span style=\"color: #ffffff;\">Sole responsibility lies with the author. The European Commission is not responsible for any use that may be made of the information contained herein.<\/span><\/p>\n<\/div><div class=\"fusion-sep-clear\"><\/div><div class=\"fusion-separator fusion-full-width-sep\" style=\"margin-left: auto;margin-right: auto;width:100%;\"><\/div><div class=\"fusion-sep-clear\"><\/div><div class=\"imageframe-align-center\"><span class=\" fusion-imageframe imageframe-none imageframe-1 hover-type-none\" style=\"max-width:150px;\"><img width=\"640\" height=\"427\" title=\"640px-Flag_of_Europe.svg\" src=\"http:\/\/togetherinhealthsector.com\/wp-content\/uploads\/2020\/03\/640px-Flag_of_Europe.svg.png\" class=\"img-responsive wp-image-1343\" srcset=\"http:\/\/togetherinhealthsector.com\/wp-content\/uploads\/2020\/03\/640px-Flag_of_Europe.svg-200x133.png 200w, http:\/\/togetherinhealthsector.com\/wp-content\/uploads\/2020\/03\/640px-Flag_of_Europe.svg-400x267.png 400w, http:\/\/togetherinhealthsector.com\/wp-content\/uploads\/2020\/03\/640px-Flag_of_Europe.svg-600x400.png 600w, http:\/\/togetherinhealthsector.com\/wp-content\/uploads\/2020\/03\/640px-Flag_of_Europe.svg.png 640w\" sizes=\"(max-width: 1000px) 100vw, 640px\" \/><\/span><\/div><div class=\"fusion-text fusion-text-3\"><p style=\"text-align: center;\"><span style=\"color: #ffffff;\">With support from the European Union<\/span><\/p>\n<\/div><div class=\"fusion-clearfix\"><\/div><\/div><\/div><div class=\"fusion-layout-column fusion_builder_column fusion-builder-column-3 fusion_builder_column_1_5 1_5 fusion-one-fifth fusion-column-last\" style=\"width:20%;width:calc(20% - ( ( 4% + 4% ) * 0.2 ) );margin-top:15px;margin-bottom:15px;\"><div class=\"fusion-column-wrapper fusion-flex-column-wrapper-legacy\" style=\"background-position:left top;background-repeat:no-repeat;-webkit-background-size:cover;-moz-background-size:cover;-o-background-size:cover;background-size:cover;padding: 0px 0px 0px 0px;\"><div class=\"fusion-clearfix\"><\/div><\/div><\/div><\/div><\/div><\/p>\n","protected":false},"excerpt":{"rendered":"","protected":false},"author":1,"featured_media":0,"parent":0,"menu_order":0,"comment_status":"closed","ping_status":"closed","template":"100-width.php","meta":[],"_links":{"self":[{"href":"http:\/\/togetherinhealthsector.com\/es\/wp-json\/wp\/v2\/pages\/1635"}],"collection":[{"href":"http:\/\/togetherinhealthsector.com\/es\/wp-json\/wp\/v2\/pages"}],"about":[{"href":"http:\/\/togetherinhealthsector.com\/es\/wp-json\/wp\/v2\/types\/page"}],"author":[{"embeddable":true,"href":"http:\/\/togetherinhealthsector.com\/es\/wp-json\/wp\/v2\/users\/1"}],"replies":[{"embeddable":true,"href":"http:\/\/togetherinhealthsector.com\/es\/wp-json\/wp\/v2\/comments?post=1635"}],"version-history":[{"count":4,"href":"http:\/\/togetherinhealthsector.com\/es\/wp-json\/wp\/v2\/pages\/1635\/revisions"}],"predecessor-version":[{"id":2178,"href":"http:\/\/togetherinhealthsector.com\/es\/wp-json\/wp\/v2\/pages\/1635\/revisions\/2178"}],"wp:attachment":[{"href":"http:\/\/togetherinhealthsector.com\/es\/wp-json\/wp\/v2\/media?parent=1635"}],"curies":[{"name":"wp","href":"https:\/\/api.w.org\/{rel}","templated":true}]}}