{"id":1533,"date":"2020-10-19T00:41:47","date_gmt":"2020-10-18T23:41:47","guid":{"rendered":"http:\/\/togetherinhealthsector.com\/?page_id=1533"},"modified":"2021-10-18T19:02:31","modified_gmt":"2021-10-18T18:02:31","slug":"reunion-inicial","status":"publish","type":"page","link":"http:\/\/togetherinhealthsector.com\/es\/reunion-inicial","title":{"rendered":"Reuni\u00f3n inicial"},"content":{"rendered":"<p><div class=\"fusion-fullwidth fullwidth-box fusion-builder-row-1 fusion-flex-container nonhundred-percent-fullwidth non-hundred-percent-height-scrolling\" style=\"background-color: rgba(255,255,255,0);background-position: center center;background-repeat: no-repeat;border-width: 0px 0px 0px 0px;border-color:#f7f7f7;border-style:solid;\" ><div class=\"fusion-builder-row fusion-row fusion-flex-align-items-flex-start\" style=\"max-width:1216.8px;margin-left: calc(-4% \/ 2 );margin-right: calc(-4% \/ 2 );\"><div class=\"fusion-layout-column fusion_builder_column fusion-builder-column-0 fusion_builder_column_1_1 1_1 fusion-flex-column\"><div class=\"fusion-column-wrapper fusion-flex-justify-content-flex-start fusion-content-layout-column\" style=\"background-position:left top;background-repeat:no-repeat;-webkit-background-size:cover;-moz-background-size:cover;-o-background-size:cover;background-size:cover;padding: 0px 0px 0px 0px;\"><div class=\"fusion-text fusion-text-1\"><ul>\n<li><b>Nombre del evento:<\/b> kick off meeting<\/li>\n<li><b>Fecha:<\/b> 08\/09\/2020<\/li>\n<li><b>Lugar:<\/b> online<\/li>\n<\/ul>\n<p>El primer evento fue celebrado online, junto con los int\u00e9rpretes , todos los pa\u00edses participaron en el evento.\u00a0Comenz\u00f3 con una bienvenida por parte del l\u00edder del proyecto, CSIT UNI\u00d3N PROFESIONAL, y las presentaciones de todos socios y de sus organizaciones.<\/p>\n<p>Despu\u00e9s se realiz\u00f3 una presentaci\u00f3n del proyecto, profundizando en las futuras acciones previstas.\u00a0El experto de la fase de Investigaci\u00f3n del proyecto hizo una presentaci\u00f3n sobre el avance del an\u00e1lisis comparativo del proyecto de investigaci\u00f3n realizado a trav\u00e9s de la encuesta online.<\/p>\n<p>Despu\u00e9s de la pausa, se realiz\u00f3 una presentaci\u00f3n sobre la legislaci\u00f3n europea sobre los derechos de los empleados en materia de participaci\u00f3n en sus empresas, seguido de un debate sobre la situaci\u00f3n del derecho de participaci\u00f3n en cada pa\u00eds socio del\u00a0Proyecto con respecto a la legislaci\u00f3n europea, en especial la Directiva 2002\/14.<\/p>\n<p><img class=\"alignnone size-full wp-image-1531\" src=\"http:\/\/togetherinhealthsector.com\/wp-content\/uploads\/2020\/10\/Screenshot-toledo-3.jpg\" alt=\"\" width=\"1262\" height=\"899\" srcset=\"http:\/\/togetherinhealthsector.com\/wp-content\/uploads\/2020\/10\/Screenshot-toledo-3-200x142.jpg 200w, http:\/\/togetherinhealthsector.com\/wp-content\/uploads\/2020\/10\/Screenshot-toledo-3-300x214.jpg 300w, http:\/\/togetherinhealthsector.com\/wp-content\/uploads\/2020\/10\/Screenshot-toledo-3-400x285.jpg 400w, http:\/\/togetherinhealthsector.com\/wp-content\/uploads\/2020\/10\/Screenshot-toledo-3-600x427.jpg 600w, http:\/\/togetherinhealthsector.com\/wp-content\/uploads\/2020\/10\/Screenshot-toledo-3-768x547.jpg 768w, http:\/\/togetherinhealthsector.com\/wp-content\/uploads\/2020\/10\/Screenshot-toledo-3-800x570.jpg 800w, http:\/\/togetherinhealthsector.com\/wp-content\/uploads\/2020\/10\/Screenshot-toledo-3-1024x729.jpg 1024w, http:\/\/togetherinhealthsector.com\/wp-content\/uploads\/2020\/10\/Screenshot-toledo-3-1200x855.jpg 1200w, http:\/\/togetherinhealthsector.com\/wp-content\/uploads\/2020\/10\/Screenshot-toledo-3.jpg 1262w\" sizes=\"(max-width: 1262px) 100vw, 1262px\" \/><\/p>\n<\/div><\/div><style type=\"text\/css\">.fusion-body .fusion-builder-column-0{width:100% !important;margin-top : 0px;margin-bottom : 0px;}.fusion-builder-column-0 > .fusion-column-wrapper {padding-top : 0px !important;padding-right : 0px !important;margin-right : 1.92%;padding-bottom : 0px !important;padding-left : 0px !important;margin-left : 1.92%;}@media only screen and (max-width:1024px) {.fusion-body .fusion-builder-column-0{width:100% !important;}.fusion-builder-column-0 > .fusion-column-wrapper {margin-right : 1.92%;margin-left : 1.92%;}}@media only screen and (max-width:640px) {.fusion-body .fusion-builder-column-0{width:100% !important;}.fusion-builder-column-0 > .fusion-column-wrapper {margin-right : 1.92%;margin-left : 1.92%;}}<\/style><\/div><\/div><style type=\"text\/css\">.fusion-body .fusion-flex-container.fusion-builder-row-1{ padding-top : 0px;margin-top : 0px;padding-right : 0px;padding-bottom : 0px;margin-bottom : 0px;padding-left : 0px;}<\/style><\/div><div class=\"fusion-fullwidth fullwidth-box fusion-builder-row-2 hundred-percent-fullwidth non-hundred-percent-height-scrolling fusion-equal-height-columns\" style=\"background-color: #3a4149;background-image:linear-gradient(135deg, #00d6bf 0%,#005db4 100%);background-position: right center;background-repeat: no-repeat;padding-top:25px;padding-right:0px;padding-bottom:25px;padding-left:0px;margin-bottom: 0px;margin-top: 0px;border-width: 0px 0px 0px 0px;border-color:#f7f7f7;border-style:solid;\" ><div class=\"fusion-builder-row fusion-row\"><div class=\"fusion-layout-column fusion_builder_column fusion-builder-column-1 fusion_builder_column_1_5 1_5 fusion-one-fifth fusion-column-first\" style=\"width:20%;width:calc(20% - ( ( 4% + 4% ) * 0.2 ) );margin-right: 4%;margin-top:15px;margin-bottom:15px;\"><div class=\"fusion-column-wrapper fusion-flex-column-wrapper-legacy\" style=\"background-position:left top;background-repeat:no-repeat;-webkit-background-size:cover;-moz-background-size:cover;-o-background-size:cover;background-size:cover;padding: 0px 0px 0px 0px;\"><div class=\"fusion-clearfix\"><\/div><\/div><\/div><div class=\"fusion-layout-column fusion_builder_column fusion-builder-column-2 fusion_builder_column_3_5 3_5 fusion-three-fifth\" style=\"width:60%;width:calc(60% - ( ( 4% + 4% ) * 0.6 ) );margin-right: 4%;margin-top:15px;margin-bottom:15px;\"><div class=\"fusion-column-wrapper fusion-flex-column-wrapper-legacy\" style=\"background-position:left top;background-repeat:no-repeat;-webkit-background-size:cover;-moz-background-size:cover;-o-background-size:cover;background-size:cover;padding: 0px 0px 0px 0px;\"><div class=\"fusion-text fusion-text-2\"><p style=\"text-align: center;\"><span style=\"color: #ffffff;\"><strong>DISCLAIMER<\/strong><\/span><\/p>\n<p style=\"text-align: center;\"><span style=\"color: #ffffff;\">The information contained in this website is for general information purposes only. The information is provided by Coalici\u00f3n Sindical Independiente de Trabajadores de Madrid and while we endeavour to keep the information up to date and correct, we make no representations or warranties of any kind, express or implied, about the completeness, accuracy, reliability, suitability or availability with respect to the website or the information, products, services, or related graphics contained on the website for any purpose. Any reliance you place on such information is therefore strictly at your own risk.<\/span><\/p>\n<p style=\"text-align: center;\"><span style=\"color: #ffffff;\">Sole responsibility lies with the author. The European Commission is not responsible for any use that may be made of the information contained herein.<\/span><\/p>\n<\/div><div class=\"fusion-sep-clear\"><\/div><div class=\"fusion-separator fusion-full-width-sep\" style=\"margin-left: auto;margin-right: auto;width:100%;\"><\/div><div class=\"fusion-sep-clear\"><\/div><div class=\"imageframe-align-center\"><span class=\" fusion-imageframe imageframe-none imageframe-1 hover-type-none\" style=\"max-width:150px;\"><img width=\"640\" height=\"427\" title=\"640px-Flag_of_Europe.svg\" src=\"http:\/\/togetherinhealthsector.com\/wp-content\/uploads\/2020\/03\/640px-Flag_of_Europe.svg.png\" class=\"img-responsive wp-image-1343\" srcset=\"http:\/\/togetherinhealthsector.com\/wp-content\/uploads\/2020\/03\/640px-Flag_of_Europe.svg-200x133.png 200w, http:\/\/togetherinhealthsector.com\/wp-content\/uploads\/2020\/03\/640px-Flag_of_Europe.svg-400x267.png 400w, http:\/\/togetherinhealthsector.com\/wp-content\/uploads\/2020\/03\/640px-Flag_of_Europe.svg-600x400.png 600w, http:\/\/togetherinhealthsector.com\/wp-content\/uploads\/2020\/03\/640px-Flag_of_Europe.svg.png 640w\" sizes=\"(max-width: 1000px) 100vw, 640px\" \/><\/span><\/div><div class=\"fusion-text fusion-text-3\"><p style=\"text-align: center;\"><span style=\"color: #ffffff;\">With support from the European Union<\/span><\/p>\n<\/div><div class=\"fusion-clearfix\"><\/div><\/div><\/div><div class=\"fusion-layout-column fusion_builder_column fusion-builder-column-3 fusion_builder_column_1_5 1_5 fusion-one-fifth fusion-column-last\" style=\"width:20%;width:calc(20% - ( ( 4% + 4% ) * 0.2 ) );margin-top:15px;margin-bottom:15px;\"><div class=\"fusion-column-wrapper fusion-flex-column-wrapper-legacy\" style=\"background-position:left top;background-repeat:no-repeat;-webkit-background-size:cover;-moz-background-size:cover;-o-background-size:cover;background-size:cover;padding: 0px 0px 0px 0px;\"><div class=\"fusion-clearfix\"><\/div><\/div><\/div><\/div><\/div><\/p>\n","protected":false},"excerpt":{"rendered":"","protected":false},"author":1,"featured_media":0,"parent":0,"menu_order":0,"comment_status":"closed","ping_status":"closed","template":"100-width.php","meta":[],"_links":{"self":[{"href":"http:\/\/togetherinhealthsector.com\/es\/wp-json\/wp\/v2\/pages\/1533"}],"collection":[{"href":"http:\/\/togetherinhealthsector.com\/es\/wp-json\/wp\/v2\/pages"}],"about":[{"href":"http:\/\/togetherinhealthsector.com\/es\/wp-json\/wp\/v2\/types\/page"}],"author":[{"embeddable":true,"href":"http:\/\/togetherinhealthsector.com\/es\/wp-json\/wp\/v2\/users\/1"}],"replies":[{"embeddable":true,"href":"http:\/\/togetherinhealthsector.com\/es\/wp-json\/wp\/v2\/comments?post=1533"}],"version-history":[{"count":5,"href":"http:\/\/togetherinhealthsector.com\/es\/wp-json\/wp\/v2\/pages\/1533\/revisions"}],"predecessor-version":[{"id":2191,"href":"http:\/\/togetherinhealthsector.com\/es\/wp-json\/wp\/v2\/pages\/1533\/revisions\/2191"}],"wp:attachment":[{"href":"http:\/\/togetherinhealthsector.com\/es\/wp-json\/wp\/v2\/media?parent=1533"}],"curies":[{"name":"wp","href":"https:\/\/api.w.org\/{rel}","templated":true}]}}