{"id":1455,"date":"2020-08-31T12:09:10","date_gmt":"2020-08-31T11:09:10","guid":{"rendered":"http:\/\/togetherinhealthsector.com\/?page_id=1455"},"modified":"2020-12-01T12:42:34","modified_gmt":"2020-12-01T11:42:34","slug":"registro","status":"publish","type":"page","link":"http:\/\/togetherinhealthsector.com\/es\/registro","title":{"rendered":"Registro"},"content":{"rendered":"<h3 style=\"text-align: center;\">El formulario de registro est\u00e1 cerrado, puedes encontrar informaci\u00f3n relevante de este evento pulsando <em><a href=\"http:\/\/togetherinhealthsector.com\/es\/reunion-inicial\">aqu\u00ed<\/a><\/em><\/h3>\n","protected":false},"excerpt":{"rendered":"<p>El formulario de registro est\u00e1 cerrado, puedes encontrar informaci\u00f3n relevante de este evento pulsando aqu\u00ed<\/p>\n","protected":false},"author":1,"featured_media":0,"parent":0,"menu_order":0,"comment_status":"closed","ping_status":"closed","template":"","meta":[],"_links":{"self":[{"href":"http:\/\/togetherinhealthsector.com\/es\/wp-json\/wp\/v2\/pages\/1455"}],"collection":[{"href":"http:\/\/togetherinhealthsector.com\/es\/wp-json\/wp\/v2\/pages"}],"about":[{"href":"http:\/\/togetherinhealthsector.com\/es\/wp-json\/wp\/v2\/types\/page"}],"author":[{"embeddable":true,"href":"http:\/\/togetherinhealthsector.com\/es\/wp-json\/wp\/v2\/users\/1"}],"replies":[{"embeddable":true,"href":"http:\/\/togetherinhealthsector.com\/es\/wp-json\/wp\/v2\/comments?post=1455"}],"version-history":[{"count":5,"href":"http:\/\/togetherinhealthsector.com\/es\/wp-json\/wp\/v2\/pages\/1455\/revisions"}],"predecessor-version":[{"id":1553,"href":"http:\/\/togetherinhealthsector.com\/es\/wp-json\/wp\/v2\/pages\/1455\/revisions\/1553"}],"wp:attachment":[{"href":"http:\/\/togetherinhealthsector.com\/es\/wp-json\/wp\/v2\/media?parent=1455"}],"curies":[{"name":"wp","href":"https:\/\/api.w.org\/{rel}","templated":true}]}}